{"id":899,"date":"2018-03-05T15:45:42","date_gmt":"2018-03-05T14:45:42","guid":{"rendered":"https:\/\/socasports.com\/training\/"},"modified":"2023-09-22T14:01:23","modified_gmt":"2023-09-22T12:01:23","slug":"health-fitness-packages","status":"publish","type":"page","link":"https:\/\/socasports.com\/en\/health-fitness-packages\/","title":{"rendered":"Health &#038; Fitness packages"},"content":{"rendered":"<div class=\"wpb-content-wrapper\"><p>[vc_row][vc_column]\n\t\t\t<!-- START \u00dcber soca REVOLUTION SLIDER 6.6.14 --><p class=\"rs-p-wp-fix\"><\/p>\n\t\t\t<rs-module-wrap id=\"rev_slider_3_1_wrapper\" data-source=\"gallery\" style=\"visibility:hidden;background:transparent;padding:0;margin:0px auto;margin-top:0;margin-bottom:0;\">\n\t\t\t\t<rs-module id=\"rev_slider_3_1\" style=\"\" data-version=\"6.6.14\">\n\t\t\t\t\t<rs-slides style=\"overflow: hidden; position: absolute;\">\n\t\t\t\t\t\t<rs-slide style=\"position: absolute;\" data-key=\"rs-20\" data-title=\"Slide\" data-anim=\"adpr:false;\">\n\t\t\t\t\t\t\t<img decoding=\"async\" src=\"\/\/socasports.com\/wp-content\/plugins\/revslider\/public\/assets\/assets\/dummy.png\" alt=\"\" title=\"Health &#038; Fitness packages\" class=\"rev-slidebg tp-rs-img rs-lazyload\" data-lazyload=\"\/\/socasports.com\/wp-content\/uploads\/2019\/05\/wolken.jpg\" data-no-retina>\n<!---->\t\t\t\t\t\t<\/rs-slide>\n\t\t\t\t\t<\/rs-slides>\n\t\t\t\t<\/rs-module>\n\t\t\t\t<script>\n\t\t\t\t\tsetREVStartSize({c: 'rev_slider_3_1',rl:[1240,1024,778,480],el:[],gw:[1240],gh:[350],type:'hero',justify:'',layout:'fullwidth',mh:\"0\"});if (window.RS_MODULES!==undefined && window.RS_MODULES.modules!==undefined && window.RS_MODULES.modules[\"revslider31\"]!==undefined) {window.RS_MODULES.modules[\"revslider31\"].once = false;window.revapi3 = undefined;if (window.RS_MODULES.checkMinimal!==undefined) window.RS_MODULES.checkMinimal()}\n\t\t\t\t<\/script>\n\t\t\t<\/rs-module-wrap>\n\t\t\t<!-- END REVOLUTION SLIDER -->\n[\/vc_column][\/vc_row][vc_row][vc_column][vc_column_text]<\/p>\n<h1 style=\"text-align: center;\">Health &amp; Fitness-Packages<\/h1>\n<p style=\"text-align: center;\">SOCASPORTS offers the following health &amp; fitness packages to companies based in Berlin &amp; Potsdam:<\/p>\n<p>[\/vc_column_text][\/vc_column][\/vc_row][vc_row el_id=&#8221;fitness-package&#8221;][vc_column]<div class=\"lvca-pricing-table lvca-grid-container  lvca-grid-desktop-4 lvca-grid-tablet-2 lvca-grid-mobile-1\"><div class=\"lvca-grid-item lvca-pricing-plan \" ><div class=\"lvca-top-header\"><p class=\"lvca-tagline center\">Office dogs are very welcome<\/p><h3 class=\"lvca-center\">Business Running<\/h3><img loading=\"lazy\" decoding=\"async\" width=\"268\" height=\"178\" src=\"https:\/\/socasports.com\/wp-content\/uploads\/2019\/04\/lunchbreak-running-package.jpg\" class=\"lvca-image full\" alt=\"Business Running\" \/><\/div><h4 class=\"lvca-plan-price lvca-plan-header lvca-center\"><span class=\"lvca-text\"><\/span><\/h4><div class=\"lvca-plan-details\"><\/p>\n<ul class=\"fitness-box\">\n<li>in the lunch break or in the evening after work<\/li>\n<li>individual running coaching possible<\/li>\n<li>with experienced running coaches<\/li>\n<li>fun in a collegial running round<\/li>\n<li>active together<\/li>\n<li>switching off together<\/li>\n<\/ul>\n<p><\/div><!-- .lvca-plan-details --><div class=\"lvca-purchase\"><a class=\"lvca-button\" href=\"http:\/\/httpssocasports.comencontactbetreffLunchbreakAfterWork-Running\" title=\"\" target=\"\">Request now<\/a><\/div><\/div><!-- .lvca-pricing-plan --><div class=\"lvca-grid-item lvca-pricing-plan \" ><div class=\"lvca-top-header\"><p class=\"lvca-tagline center\">Office dogs are very welcome<\/p><h3 class=\"lvca-center\">Business Hatha Yoga Inhouse<\/h3><img loading=\"lazy\" decoding=\"async\" width=\"800\" height=\"532\" src=\"https:\/\/socasports.com\/wp-content\/uploads\/2019\/02\/yoga-1.jpg\" class=\"lvca-image full\" alt=\"Business Hatha Yoga Inhouse\" srcset=\"https:\/\/socasports.com\/wp-content\/uploads\/2019\/02\/yoga-1.jpg 800w, https:\/\/socasports.com\/wp-content\/uploads\/2019\/02\/yoga-1-300x200.jpg 300w, https:\/\/socasports.com\/wp-content\/uploads\/2019\/02\/yoga-1-768x511.jpg 768w\" sizes=\"auto, (max-width: 800px) 100vw, 800px\" \/><\/div><h4 class=\"lvca-plan-price lvca-plan-header lvca-center\"><span class=\"lvca-text\"><\/span><\/h4><div class=\"lvca-plan-details\"><\/p>\n<ul class=\"fitness-box\">\n<li>during lunch break or in the evening after work<\/li>\n<li>In-house yoga courses tailored to the needs of employees<\/li>\n<li>with trained yoga teachers<\/li>\n<li>indoors &amp; outdoors<\/li>\n<li>collegial mindfulness<\/li>\n<li>being active together<\/li>\n<li>switching off together<\/li>\n<\/ul>\n<p><\/div><!-- .lvca-plan-details --><div class=\"lvca-purchase\"><a class=\"lvca-button\" href=\"http:\/\/httpssocasports.comencontactbetreffBusinessYoga\" title=\"\" target=\"\">Request now<\/a><\/div><\/div><!-- .lvca-pricing-plan --><div class=\"lvca-grid-item lvca-pricing-plan \" ><div class=\"lvca-top-header\"><p class=\"lvca-tagline center\">Office dogs are very welcome<\/p><h3 class=\"lvca-center\">``R\u00fcckenschule for Business``<\/h3><img loading=\"lazy\" decoding=\"async\" width=\"800\" height=\"533\" src=\"https:\/\/socasports.com\/wp-content\/uploads\/2019\/05\/rueckenfit-for-business.jpg\" class=\"lvca-image full\" alt=\"``R\u00fcckenschule for Business``\" srcset=\"https:\/\/socasports.com\/wp-content\/uploads\/2019\/05\/rueckenfit-for-business.jpg 800w, https:\/\/socasports.com\/wp-content\/uploads\/2019\/05\/rueckenfit-for-business-300x200.jpg 300w, https:\/\/socasports.com\/wp-content\/uploads\/2019\/05\/rueckenfit-for-business-768x512.jpg 768w\" sizes=\"auto, (max-width: 800px) 100vw, 800px\" \/><\/div><h4 class=\"lvca-plan-price lvca-plan-header lvca-center\"><span class=\"lvca-text\"><\/span><\/h4><div class=\"lvca-plan-details\"><\/p>\n<ul class=\"fitness-box\">\n<li>during lunch break or in the evening after work<\/li>\n<li>In-house back fitness courses tailored to the needs of employees<\/li>\n<li>with trained fitness trainers<\/li>\n<li>indoors &amp; outdoors<\/li>\n<li>being active together<\/li>\n<li>building strength together<\/li>\n<\/ul>\n<p><\/div><!-- .lvca-plan-details --><div class=\"lvca-purchase\"><a class=\"lvca-button\" href=\"http:\/\/httpssocasports.comencontactbetreffRckenfitforBusiness\" title=\"\" target=\"\">Request now<\/a><\/div><\/div><!-- .lvca-pricing-plan --><div class=\"lvca-grid-item lvca-pricing-plan \" ><div class=\"lvca-top-header\"><p class=\"lvca-tagline center\">Health &amp; Fitness<\/p><h3 class=\"lvca-center\">socasports all-in-Offer<\/h3><img loading=\"lazy\" decoding=\"async\" width=\"800\" height=\"533\" src=\"https:\/\/socasports.com\/wp-content\/uploads\/2019\/05\/all-in-offer.jpg\" class=\"lvca-image full\" alt=\"socasports all-in-Offer\" srcset=\"https:\/\/socasports.com\/wp-content\/uploads\/2019\/05\/all-in-offer.jpg 800w, https:\/\/socasports.com\/wp-content\/uploads\/2019\/05\/all-in-offer-300x200.jpg 300w, https:\/\/socasports.com\/wp-content\/uploads\/2019\/05\/all-in-offer-768x512.jpg 768w\" sizes=\"auto, (max-width: 800px) 100vw, 800px\" \/><\/div><h4 class=\"lvca-plan-price lvca-plan-header lvca-center\"><span class=\"lvca-text\"><\/span><\/h4><div class=\"lvca-plan-details\"><\/p>\n<ul class=\"fitness-box\">\n<li>&#8220;Business Running\u201c (4-8 times\/month)<\/li>\n<li>\u201eBusiness Hatha Yoga Inhouse\u201c (4-8 times\/month)<\/li>\n<li>\u201eR\u00fcckenschule for Business\u201c (4-8 times\/month)<\/li>\n<li>combined packages bookable<\/li>\n<li>individual coordination<\/li>\n<\/ul>\n<p><\/div><!-- .lvca-plan-details --><div class=\"lvca-purchase\"><a class=\"lvca-button\" href=\"http:\/\/httpssocasports.comencontactbetreffSocasportsall-in-Offer\" title=\"\" target=\"\">Request now<\/a><\/div><\/div><!-- .lvca-pricing-plan --><\/div>[\/vc_column][\/vc_row][vc_row][vc_column][vc_column_text]You are welcome to try out our fit offer for four weeks at a preferential price. Please contact us for more information.<\/p>\n<p><strong>Benefits for employers<\/strong><\/p>\n<p>To promote the health of their employees, employers can take advantage of health-promoting measures. Employers are supported in providing tax-free benefits per employee and per year in accordance with \u00a7 3 No. 34 EstG (German Income Tax Act) for services provided in addition to the wages owed anyway to prevent and reduce the risk of illness and to promote health.<\/p>\n<p>Tax-exempt measures can be provided if they meet the requirements of \u00a7\u00a7 20 and 20b SGB V (German Social Code) with regard to quality, purpose, targeting and certification.<\/p>\n<p>With regard to the services offered by SOCASPORTS, these can include<\/p>\n<p>1. the fit offer &#8220;Business Hatha Yoga Inhouse&#8221; (based on a concept by SOCASPORTS certified by the Zentrale Pr\u00fcfstelle f\u00fcr Pr\u00e4vention)<\/p>\n<p>2. the fit offer &#8220;R\u00fcckenschule for Business&#8221; (based on a concept by SOCASPORTS certified by the Zentrale Pr\u00fcfstelle f\u00fcr Pr\u00e4vention)<\/p>\n<p>and can be classified accordingly.<\/p>\n<p>However, we are not permitted to provide legally binding information on the tax treatment of health measures. We recommend that you obtain call-in information from the company tax office with regard to the application of Section 3 No. 34 of the German Income Tax Act (EstG).<\/p>\n<p>For more information, click on <a href=\"https:\/\/www.bundesgesundheitsministerium.de\/themen\/praevention\/betriebliche-gesundheitsfoerderung\/steuerliche-vorteile.html\">Steuerliche Vorteile betrieblicher Gesundheitsf\u00f6rd (bundesgesundheitsministerium.de)<\/a>.[\/vc_column_text][\/vc_column][\/vc_row]<\/p>\n<\/div>","protected":false},"excerpt":{"rendered":"<p>[vc_row][vc_column][\/vc_column][\/vc_row][vc_row][vc_column][vc_column_text] Health &amp; Fitness-Packages SOCASPORTS offers the following health &amp; fitness packages to companies based in Berlin &amp; Potsdam: [\/vc_column_text][\/vc_column][\/vc_row][vc_row el_id=&#8221;fitness-package&#8221;][vc_column][\/vc_column][\/vc_row][vc_row][vc_column][vc_column_text]You are welcome to try out our fit offer for four weeks at a preferential price. Please contact us for more information. Benefits for employers To promote the health of their employees, employers can take [&hellip;]<\/p>\n","protected":false},"author":1,"featured_media":0,"parent":0,"menu_order":0,"comment_status":"closed","ping_status":"closed","template":"","meta":{"_acf_changed":false,"inline_featured_image":false,"footnotes":""},"class_list":["post-899","page","type-page","status-publish","hentry"],"acf":[],"_links":{"self":[{"href":"https:\/\/socasports.com\/en\/wp-json\/wp\/v2\/pages\/899","targetHints":{"allow":["GET"]}}],"collection":[{"href":"https:\/\/socasports.com\/en\/wp-json\/wp\/v2\/pages"}],"about":[{"href":"https:\/\/socasports.com\/en\/wp-json\/wp\/v2\/types\/page"}],"author":[{"embeddable":true,"href":"https:\/\/socasports.com\/en\/wp-json\/wp\/v2\/users\/1"}],"replies":[{"embeddable":true,"href":"https:\/\/socasports.com\/en\/wp-json\/wp\/v2\/comments?post=899"}],"version-history":[{"count":41,"href":"https:\/\/socasports.com\/en\/wp-json\/wp\/v2\/pages\/899\/revisions"}],"predecessor-version":[{"id":2684,"href":"https:\/\/socasports.com\/en\/wp-json\/wp\/v2\/pages\/899\/revisions\/2684"}],"wp:attachment":[{"href":"https:\/\/socasports.com\/en\/wp-json\/wp\/v2\/media?parent=899"}],"curies":[{"name":"wp","href":"https:\/\/api.w.org\/{rel}","templated":true}]}}